{"id":362,"date":"2020-06-22T21:56:46","date_gmt":"2020-06-23T02:56:46","guid":{"rendered":"https:\/\/www.fedescolombia.org\/?page_id=362"},"modified":"2025-12-18T15:30:35","modified_gmt":"2025-12-18T20:30:35","slug":"contactenos","status":"publish","type":"page","link":"https:\/\/www.fedescolombia.org\/en\/contactenos\/","title":{"rendered":"Cont\u00e1ctenos"},"content":{"rendered":"<p><strong>E-mail:<br><\/strong>comunicaciones@fedes-colombia.org<br><\/p>\n\n\n\n<p><\/p>\n\n\n\n<p><\/p>\n\n\n\n<p><strong>Direcci\u00f3n general y t\u00e9cnica:<\/strong><\/p>\n\n\n\n<p>Calle 112 No 14b-50 apto 302 (Bogot\u00e1 &#8211; Colombia)<strong><br><\/strong><br><\/p>\n\n\n\n<p><strong>N\u00fameros de contacto:<\/strong><\/p>\n\n\n\n<p>3115923425 &#8211; 3105256837<\/p>\n\n\n\n<p><\/p>\n\n\n\n<p><\/p>","protected":false},"excerpt":{"rendered":"<p>E-mail:comunicaciones@fedes-colombia.org Direcci\u00f3n general y t\u00e9cnica: Calle 112 No 14b-50 apto 302 (Bogot\u00e1 &#8211; Colombia) N\u00fameros de contacto: 3115923425 &#8211; 3105256837<\/p>","protected":false},"author":1,"featured_media":364,"parent":0,"menu_order":0,"comment_status":"closed","ping_status":"closed","template":"","meta":{"saved_in_kubio":true,"footnotes":""},"class_list":["post-362","page","type-page","status-publish","has-post-thumbnail","hentry"],"kubio_ai_page_context":{"short_desc":"","purpose":"general"},"rise-blocks_excerpt":"E-mail:comunicaciones@fedes-colombia.org Direcci\u00f3n general y t\u00e9cnica: Calle 112 No 14b-50 apto 302 (Bogot\u00e1 &#8211; Colombia) N\u00fameros de contacto: 3115923425 &#8211; 3105256837","_links":{"self":[{"href":"https:\/\/www.fedescolombia.org\/en\/wp-json\/wp\/v2\/pages\/362","targetHints":{"allow":["GET"]}}],"collection":[{"href":"https:\/\/www.fedescolombia.org\/en\/wp-json\/wp\/v2\/pages"}],"about":[{"href":"https:\/\/www.fedescolombia.org\/en\/wp-json\/wp\/v2\/types\/page"}],"author":[{"embeddable":true,"href":"https:\/\/www.fedescolombia.org\/en\/wp-json\/wp\/v2\/users\/1"}],"replies":[{"embeddable":true,"href":"https:\/\/www.fedescolombia.org\/en\/wp-json\/wp\/v2\/comments?post=362"}],"version-history":[{"count":11,"href":"https:\/\/www.fedescolombia.org\/en\/wp-json\/wp\/v2\/pages\/362\/revisions"}],"predecessor-version":[{"id":1989,"href":"https:\/\/www.fedescolombia.org\/en\/wp-json\/wp\/v2\/pages\/362\/revisions\/1989"}],"wp:featuredmedia":[{"embeddable":true,"href":"https:\/\/www.fedescolombia.org\/en\/wp-json\/wp\/v2\/media\/364"}],"wp:attachment":[{"href":"https:\/\/www.fedescolombia.org\/en\/wp-json\/wp\/v2\/media?parent=362"}],"curies":[{"name":"wp","href":"https:\/\/api.w.org\/{rel}","templated":true}]}}