{"id":355,"date":"2020-06-22T21:52:49","date_gmt":"2020-06-23T02:52:49","guid":{"rendered":"https:\/\/www.fedescolombia.org\/?page_id=355"},"modified":"2026-02-25T23:20:55","modified_gmt":"2026-02-26T04:20:55","slug":"proyectos","status":"publish","type":"page","link":"https:\/\/www.fedescolombia.org\/en\/proyectos\/","title":{"rendered":"Projects"},"content":{"rendered":"<h1 class=\"wp-block-heading has-text-align-center has-kubio-color-2-color has-text-color has-link-color wp-elements-345936f1a2a08cc9ef6d1c72cf6326ce\">Projects<\/h1>\n\n\n\n<p class=\"has-text-align-center has-text-color has-link-color wp-elements-8beee7fed960e6eedd3330d3aabcdbb1\" style=\"color:#000000\">Proyectos que transforman realidades a trav\u00e9s de la educaci\u00f3n y la acci\u00f3n comunitaria.<\/p>\n\n\n\n\n\n\n\n\n\n<div class=\"wp-block-group is-nowrap is-layout-flex wp-container-core-group-is-layout-f6cf0f16 wp-block-group-is-layout-flex\" style=\"padding-right:var(--wp--preset--spacing--40);padding-left:var(--wp--preset--spacing--40)\">\n<figure class=\"wp-block-gallery has-nested-images columns-3 is-cropped wp-block-gallery-1 is-layout-flex wp-block-gallery-is-layout-flex\">\n<figure class=\"wp-block-image size-full has-custom-border is-style-default\" style=\"margin-right:0;margin-left:0\"><img loading=\"lazy\" decoding=\"async\" width=\"450\" height=\"340\" data-id=\"3199\" src=\"https:\/\/www.fedescolombia.org\/wp-content\/uploads\/2026\/02\/futbol-1.webp\" alt=\"\" class=\"wp-image-3199\" style=\"border-radius:20px;aspect-ratio:4\/3\" srcset=\"https:\/\/www.fedescolombia.org\/wp-content\/uploads\/2026\/02\/futbol-1.webp 450w, https:\/\/www.fedescolombia.org\/wp-content\/uploads\/2026\/02\/futbol-1-300x227.webp 300w\" sizes=\"(max-width: 450px) 100vw, 450px\" \/><\/figure>\n\n\n\n<figure class=\"wp-block-image size-full has-custom-border is-style-default\"><img loading=\"lazy\" decoding=\"async\" width=\"674\" height=\"600\" data-id=\"628\" src=\"https:\/\/www.fedescolombia.org\/wp-content\/uploads\/2024\/04\/WhatsApp-Image-2024-04-06-at-12.47.54-PM-2.jpeg\" alt=\"\" class=\"wp-image-628\" style=\"border-radius:20px;aspect-ratio:4\/3\" srcset=\"https:\/\/www.fedescolombia.org\/wp-content\/uploads\/2024\/04\/WhatsApp-Image-2024-04-06-at-12.47.54-PM-2.jpeg 674w, https:\/\/www.fedescolombia.org\/wp-content\/uploads\/2024\/04\/WhatsApp-Image-2024-04-06-at-12.47.54-PM-2-300x267.jpeg 300w\" sizes=\"(max-width: 674px) 100vw, 674px\" \/><\/figure>\n\n\n\n<figure class=\"wp-block-image size-large has-custom-border\"><img loading=\"lazy\" decoding=\"async\" width=\"1024\" height=\"474\" data-id=\"629\" src=\"https:\/\/www.fedescolombia.org\/wp-content\/uploads\/2024\/04\/WhatsApp-Image-2024-04-06-at-12.47.54-PM-1024x474.jpeg\" alt=\"\" class=\"wp-image-629\" style=\"border-radius:20px;aspect-ratio:4\/3\" srcset=\"https:\/\/www.fedescolombia.org\/wp-content\/uploads\/2024\/04\/WhatsApp-Image-2024-04-06-at-12.47.54-PM-1024x474.jpeg 1024w, https:\/\/www.fedescolombia.org\/wp-content\/uploads\/2024\/04\/WhatsApp-Image-2024-04-06-at-12.47.54-PM-300x139.jpeg 300w, https:\/\/www.fedescolombia.org\/wp-content\/uploads\/2024\/04\/WhatsApp-Image-2024-04-06-at-12.47.54-PM-768x355.jpeg 768w, https:\/\/www.fedescolombia.org\/wp-content\/uploads\/2024\/04\/WhatsApp-Image-2024-04-06-at-12.47.54-PM.jpeg 1297w\" sizes=\"(max-width: 1024px) 100vw, 1024px\" \/><\/figure>\n<\/figure>\n<\/div>\n\n\n\n\n\n<figure class=\"wp-block-gallery has-nested-images columns-3 is-cropped wp-block-gallery-2 is-layout-flex wp-block-gallery-is-layout-flex\" style=\"border-style:none;border-width:0px;border-radius:0px\">\n<figure class=\"wp-block-image size-large has-custom-border\"><img loading=\"lazy\" decoding=\"async\" width=\"1024\" height=\"768\" data-id=\"591\" src=\"https:\/\/www.fedescolombia.org\/wp-content\/uploads\/2023\/03\/20221127_110709-1024x768.jpg\" alt=\"\" class=\"wp-image-591\" style=\"border-radius:20px;aspect-ratio:1\" srcset=\"https:\/\/www.fedescolombia.org\/wp-content\/uploads\/2023\/03\/20221127_110709-1024x768.jpg 1024w, https:\/\/www.fedescolombia.org\/wp-content\/uploads\/2023\/03\/20221127_110709-300x225.jpg 300w, https:\/\/www.fedescolombia.org\/wp-content\/uploads\/2023\/03\/20221127_110709-768x576.jpg 768w, https:\/\/www.fedescolombia.org\/wp-content\/uploads\/2023\/03\/20221127_110709-1536x1152.jpg 1536w, https:\/\/www.fedescolombia.org\/wp-content\/uploads\/2023\/03\/20221127_110709-2048x1536.jpg 2048w\" sizes=\"(max-width: 1024px) 100vw, 1024px\" \/><\/figure>\n\n\n\n<figure class=\"wp-block-image size-large has-custom-border\"><img loading=\"lazy\" decoding=\"async\" width=\"768\" height=\"1024\" data-id=\"592\" src=\"https:\/\/www.fedescolombia.org\/wp-content\/uploads\/2023\/03\/20221127_104111-768x1024.jpg\" alt=\"\" class=\"wp-image-592\" style=\"border-radius:20px;aspect-ratio:1\" srcset=\"https:\/\/www.fedescolombia.org\/wp-content\/uploads\/2023\/03\/20221127_104111-768x1024.jpg 768w, https:\/\/www.fedescolombia.org\/wp-content\/uploads\/2023\/03\/20221127_104111-225x300.jpg 225w, https:\/\/www.fedescolombia.org\/wp-content\/uploads\/2023\/03\/20221127_104111-1152x1536.jpg 1152w, https:\/\/www.fedescolombia.org\/wp-content\/uploads\/2023\/03\/20221127_104111-1536x2048.jpg 1536w, https:\/\/www.fedescolombia.org\/wp-content\/uploads\/2023\/03\/20221127_104111-scaled.jpg 1920w\" sizes=\"(max-width: 768px) 100vw, 768px\" \/><\/figure>\n\n\n\n<figure class=\"wp-block-image size-large has-custom-border\"><img loading=\"lazy\" decoding=\"async\" width=\"768\" height=\"1024\" data-id=\"593\" src=\"https:\/\/www.fedescolombia.org\/wp-content\/uploads\/2023\/03\/20221127_101711-768x1024.jpg\" alt=\"\" class=\"wp-image-593\" style=\"border-radius:20px;aspect-ratio:1\" srcset=\"https:\/\/www.fedescolombia.org\/wp-content\/uploads\/2023\/03\/20221127_101711-768x1024.jpg 768w, https:\/\/www.fedescolombia.org\/wp-content\/uploads\/2023\/03\/20221127_101711-225x300.jpg 225w, https:\/\/www.fedescolombia.org\/wp-content\/uploads\/2023\/03\/20221127_101711-1152x1536.jpg 1152w, https:\/\/www.fedescolombia.org\/wp-content\/uploads\/2023\/03\/20221127_101711-1536x2048.jpg 1536w, https:\/\/www.fedescolombia.org\/wp-content\/uploads\/2023\/03\/20221127_101711-scaled.jpg 1920w\" sizes=\"(max-width: 768px) 100vw, 768px\" \/><\/figure>\n<\/figure>\n\n\n\n<figure style=\"padding-right:0;padding-left:0\" class=\"wp-block-video\"><video height=\"1080\" style=\"aspect-ratio: 1920 \/ 1080;\" width=\"1920\" controls src=\"https:\/\/www.fedescolombia.org\/wp-content\/uploads\/2023\/03\/20221127_102731-2.mp4\"><\/video><\/figure>\n\n\n\n\n\n<figure class=\"wp-block-gallery has-nested-images columns-default is-cropped wp-block-gallery-3 is-layout-flex wp-block-gallery-is-layout-flex\">\n<figure class=\"wp-block-image size-large has-custom-border\"><img loading=\"lazy\" decoding=\"async\" width=\"1024\" height=\"768\" data-id=\"598\" src=\"https:\/\/www.fedescolombia.org\/wp-content\/uploads\/2023\/03\/20221203_120039-1024x768.jpg\" alt=\"\" class=\"wp-image-598\" style=\"border-radius:20px\" srcset=\"https:\/\/www.fedescolombia.org\/wp-content\/uploads\/2023\/03\/20221203_120039-1024x768.jpg 1024w, https:\/\/www.fedescolombia.org\/wp-content\/uploads\/2023\/03\/20221203_120039-300x225.jpg 300w, https:\/\/www.fedescolombia.org\/wp-content\/uploads\/2023\/03\/20221203_120039-768x576.jpg 768w, https:\/\/www.fedescolombia.org\/wp-content\/uploads\/2023\/03\/20221203_120039-1536x1152.jpg 1536w, https:\/\/www.fedescolombia.org\/wp-content\/uploads\/2023\/03\/20221203_120039-2048x1536.jpg 2048w\" sizes=\"(max-width: 1024px) 100vw, 1024px\" \/><\/figure>\n\n\n\n<figure class=\"wp-block-image size-large has-custom-border\"><img loading=\"lazy\" decoding=\"async\" width=\"1024\" height=\"768\" data-id=\"600\" src=\"https:\/\/www.fedescolombia.org\/wp-content\/uploads\/2023\/03\/20221203_120206-1024x768.jpg\" alt=\"\" class=\"wp-image-600\" style=\"border-radius:20px\" srcset=\"https:\/\/www.fedescolombia.org\/wp-content\/uploads\/2023\/03\/20221203_120206-1024x768.jpg 1024w, https:\/\/www.fedescolombia.org\/wp-content\/uploads\/2023\/03\/20221203_120206-300x225.jpg 300w, https:\/\/www.fedescolombia.org\/wp-content\/uploads\/2023\/03\/20221203_120206-768x576.jpg 768w, https:\/\/www.fedescolombia.org\/wp-content\/uploads\/2023\/03\/20221203_120206-1536x1152.jpg 1536w, https:\/\/www.fedescolombia.org\/wp-content\/uploads\/2023\/03\/20221203_120206-2048x1536.jpg 2048w\" sizes=\"(max-width: 1024px) 100vw, 1024px\" \/><\/figure>\n\n\n\n<figure class=\"wp-block-image size-large has-custom-border\"><img loading=\"lazy\" decoding=\"async\" width=\"768\" height=\"1024\" data-id=\"601\" src=\"https:\/\/www.fedescolombia.org\/wp-content\/uploads\/2023\/03\/20221203_120228-768x1024.jpg\" alt=\"\" class=\"wp-image-601\" style=\"border-radius:20px\" srcset=\"https:\/\/www.fedescolombia.org\/wp-content\/uploads\/2023\/03\/20221203_120228-768x1024.jpg 768w, https:\/\/www.fedescolombia.org\/wp-content\/uploads\/2023\/03\/20221203_120228-225x300.jpg 225w, https:\/\/www.fedescolombia.org\/wp-content\/uploads\/2023\/03\/20221203_120228-1152x1536.jpg 1152w, https:\/\/www.fedescolombia.org\/wp-content\/uploads\/2023\/03\/20221203_120228-1536x2048.jpg 1536w, https:\/\/www.fedescolombia.org\/wp-content\/uploads\/2023\/03\/20221203_120228-scaled.jpg 1920w\" sizes=\"(max-width: 768px) 100vw, 768px\" \/><\/figure>\n\n\n\n<figure class=\"wp-block-image size-large has-custom-border\"><img loading=\"lazy\" decoding=\"async\" width=\"768\" height=\"1024\" data-id=\"603\" src=\"https:\/\/www.fedescolombia.org\/wp-content\/uploads\/2023\/03\/20221203_124859_1-768x1024.jpg\" alt=\"\" class=\"wp-image-603\" style=\"border-radius:20px\" srcset=\"https:\/\/www.fedescolombia.org\/wp-content\/uploads\/2023\/03\/20221203_124859_1-768x1024.jpg 768w, https:\/\/www.fedescolombia.org\/wp-content\/uploads\/2023\/03\/20221203_124859_1-225x300.jpg 225w, https:\/\/www.fedescolombia.org\/wp-content\/uploads\/2023\/03\/20221203_124859_1-1152x1536.jpg 1152w, https:\/\/www.fedescolombia.org\/wp-content\/uploads\/2023\/03\/20221203_124859_1-1536x2048.jpg 1536w, https:\/\/www.fedescolombia.org\/wp-content\/uploads\/2023\/03\/20221203_124859_1-scaled.jpg 1920w\" sizes=\"(max-width: 768px) 100vw, 768px\" \/><\/figure>\n\n\n\n<figure class=\"wp-block-image size-large has-custom-border\"><img loading=\"lazy\" decoding=\"async\" width=\"768\" height=\"1024\" data-id=\"604\" src=\"https:\/\/www.fedescolombia.org\/wp-content\/uploads\/2023\/03\/20221203_130019-768x1024.jpg\" alt=\"\" class=\"wp-image-604\" style=\"border-radius:20px\" srcset=\"https:\/\/www.fedescolombia.org\/wp-content\/uploads\/2023\/03\/20221203_130019-768x1024.jpg 768w, https:\/\/www.fedescolombia.org\/wp-content\/uploads\/2023\/03\/20221203_130019-225x300.jpg 225w, https:\/\/www.fedescolombia.org\/wp-content\/uploads\/2023\/03\/20221203_130019-1152x1536.jpg 1152w, https:\/\/www.fedescolombia.org\/wp-content\/uploads\/2023\/03\/20221203_130019-1536x2048.jpg 1536w, https:\/\/www.fedescolombia.org\/wp-content\/uploads\/2023\/03\/20221203_130019-scaled.jpg 1920w\" sizes=\"(max-width: 768px) 100vw, 768px\" \/><\/figure>\n<\/figure>\n\n\n\n<figure class=\"wp-block-video\"><video height=\"1080\" style=\"aspect-ratio: 1920 \/ 1080;\" width=\"1920\" controls src=\"https:\/\/www.fedescolombia.org\/wp-content\/uploads\/2023\/03\/20221203_120735.mp4\"><\/video><\/figure>\n\n\n\n\n\n<ul class=\"wp-block-list\">\n<li><\/li>\n<\/ul>\n\n\n\n\n\n<figure class=\"wp-block-gallery has-nested-images columns-default is-cropped wp-block-gallery-4 is-layout-flex wp-block-gallery-is-layout-flex\">\n<figure class=\"wp-block-image size-large has-custom-border\"><img loading=\"lazy\" decoding=\"async\" width=\"1024\" height=\"576\" data-id=\"498\" src=\"https:\/\/www.fedescolombia.org\/wp-content\/uploads\/2020\/06\/entrenamienos-SLFC-156-1024x576.jpg\" alt=\"\" class=\"wp-image-498\" style=\"border-radius:20px\" srcset=\"https:\/\/www.fedescolombia.org\/wp-content\/uploads\/2020\/06\/entrenamienos-SLFC-156-1024x576.jpg 1024w, https:\/\/www.fedescolombia.org\/wp-content\/uploads\/2020\/06\/entrenamienos-SLFC-156-300x169.jpg 300w, https:\/\/www.fedescolombia.org\/wp-content\/uploads\/2020\/06\/entrenamienos-SLFC-156-768x432.jpg 768w, https:\/\/www.fedescolombia.org\/wp-content\/uploads\/2020\/06\/entrenamienos-SLFC-156-1536x864.jpg 1536w, https:\/\/www.fedescolombia.org\/wp-content\/uploads\/2020\/06\/entrenamienos-SLFC-156-2048x1152.jpg 2048w\" sizes=\"(max-width: 1024px) 100vw, 1024px\" \/><\/figure>\n\n\n\n<figure class=\"wp-block-image size-large has-custom-border\"><img loading=\"lazy\" decoding=\"async\" width=\"1024\" height=\"576\" data-id=\"496\" src=\"https:\/\/www.fedescolombia.org\/wp-content\/uploads\/2020\/06\/entrenamienos-SLFC-65-1024x576.jpg\" alt=\"\" class=\"wp-image-496\" style=\"border-radius:20px\" srcset=\"https:\/\/www.fedescolombia.org\/wp-content\/uploads\/2020\/06\/entrenamienos-SLFC-65-1024x576.jpg 1024w, https:\/\/www.fedescolombia.org\/wp-content\/uploads\/2020\/06\/entrenamienos-SLFC-65-300x169.jpg 300w, https:\/\/www.fedescolombia.org\/wp-content\/uploads\/2020\/06\/entrenamienos-SLFC-65-768x432.jpg 768w, https:\/\/www.fedescolombia.org\/wp-content\/uploads\/2020\/06\/entrenamienos-SLFC-65-1536x864.jpg 1536w, https:\/\/www.fedescolombia.org\/wp-content\/uploads\/2020\/06\/entrenamienos-SLFC-65-2048x1152.jpg 2048w\" sizes=\"(max-width: 1024px) 100vw, 1024px\" \/><\/figure>\n\n\n\n<figure class=\"wp-block-image size-large has-custom-border\"><img loading=\"lazy\" decoding=\"async\" width=\"1024\" height=\"576\" data-id=\"492\" src=\"https:\/\/www.fedescolombia.org\/wp-content\/uploads\/2020\/06\/104853109_263031041450277_2474914749774547547_n-1024x576.png\" alt=\"\" class=\"wp-image-492\" style=\"border-radius:20px\" srcset=\"https:\/\/www.fedescolombia.org\/wp-content\/uploads\/2020\/06\/104853109_263031041450277_2474914749774547547_n-1024x576.png 1024w, https:\/\/www.fedescolombia.org\/wp-content\/uploads\/2020\/06\/104853109_263031041450277_2474914749774547547_n-300x169.png 300w, https:\/\/www.fedescolombia.org\/wp-content\/uploads\/2020\/06\/104853109_263031041450277_2474914749774547547_n-768x432.png 768w, https:\/\/www.fedescolombia.org\/wp-content\/uploads\/2020\/06\/104853109_263031041450277_2474914749774547547_n-1536x864.png 1536w, https:\/\/www.fedescolombia.org\/wp-content\/uploads\/2020\/06\/104853109_263031041450277_2474914749774547547_n.png 1920w\" sizes=\"(max-width: 1024px) 100vw, 1024px\" \/><\/figure>\n\n\n\n<figure class=\"wp-block-image size-large has-custom-border\"><img loading=\"lazy\" decoding=\"async\" width=\"1024\" height=\"576\" data-id=\"494\" src=\"https:\/\/www.fedescolombia.org\/wp-content\/uploads\/2020\/06\/Dia-Velitas-9-1024x576.jpg\" alt=\"\" class=\"wp-image-494\" style=\"border-radius:20px\" srcset=\"https:\/\/www.fedescolombia.org\/wp-content\/uploads\/2020\/06\/Dia-Velitas-9-1024x576.jpg 1024w, https:\/\/www.fedescolombia.org\/wp-content\/uploads\/2020\/06\/Dia-Velitas-9-300x169.jpg 300w, https:\/\/www.fedescolombia.org\/wp-content\/uploads\/2020\/06\/Dia-Velitas-9-768x432.jpg 768w, https:\/\/www.fedescolombia.org\/wp-content\/uploads\/2020\/06\/Dia-Velitas-9-1536x864.jpg 1536w, https:\/\/www.fedescolombia.org\/wp-content\/uploads\/2020\/06\/Dia-Velitas-9-2048x1152.jpg 2048w\" sizes=\"(max-width: 1024px) 100vw, 1024px\" \/><\/figure>\n<\/figure>\n\n\n\n\n\n<figure class=\"wp-block-gallery aligncenter has-nested-images columns-default is-cropped wp-block-gallery-5 is-layout-flex wp-block-gallery-is-layout-flex\">\n<figure class=\"wp-block-image size-large has-custom-border\"><img loading=\"lazy\" decoding=\"async\" width=\"581\" height=\"327\" data-id=\"559\" src=\"https:\/\/www.fedescolombia.org\/wp-content\/uploads\/2021\/04\/Imagen-1.png\" alt=\"\" class=\"wp-image-559\" style=\"border-radius:20px\" srcset=\"https:\/\/www.fedescolombia.org\/wp-content\/uploads\/2021\/04\/Imagen-1.png 581w, https:\/\/www.fedescolombia.org\/wp-content\/uploads\/2021\/04\/Imagen-1-300x169.png 300w\" sizes=\"(max-width: 581px) 100vw, 581px\" \/><\/figure>\n\n\n\n<figure class=\"wp-block-image size-large has-custom-border\" style=\"margin-top:0;margin-right:0;margin-bottom:0;margin-left:0\"><img loading=\"lazy\" decoding=\"async\" width=\"591\" height=\"333\" data-id=\"560\" src=\"https:\/\/www.fedescolombia.org\/wp-content\/uploads\/2021\/04\/Imagen-2.png\" alt=\"\" class=\"wp-image-560\" style=\"border-radius:20px\" srcset=\"https:\/\/www.fedescolombia.org\/wp-content\/uploads\/2021\/04\/Imagen-2.png 591w, https:\/\/www.fedescolombia.org\/wp-content\/uploads\/2021\/04\/Imagen-2-300x169.png 300w\" sizes=\"(max-width: 591px) 100vw, 591px\" \/><\/figure>\n\n\n\n<figure class=\"wp-block-image size-large has-custom-border\"><img loading=\"lazy\" decoding=\"async\" width=\"552\" height=\"310\" data-id=\"561\" src=\"https:\/\/www.fedescolombia.org\/wp-content\/uploads\/2021\/04\/Imagen-3.png\" alt=\"\" class=\"wp-image-561\" style=\"border-radius:20px\" srcset=\"https:\/\/www.fedescolombia.org\/wp-content\/uploads\/2021\/04\/Imagen-3.png 552w, https:\/\/www.fedescolombia.org\/wp-content\/uploads\/2021\/04\/Imagen-3-300x168.png 300w\" sizes=\"(max-width: 552px) 100vw, 552px\" \/><\/figure>\n\n\n\n<figure class=\"wp-block-image size-large has-custom-border\"><img loading=\"lazy\" decoding=\"async\" width=\"547\" height=\"306\" data-id=\"562\" src=\"https:\/\/www.fedescolombia.org\/wp-content\/uploads\/2021\/04\/Imagen-4.png\" alt=\"\" class=\"wp-image-562\" style=\"border-radius:20px\" srcset=\"https:\/\/www.fedescolombia.org\/wp-content\/uploads\/2021\/04\/Imagen-4.png 547w, https:\/\/www.fedescolombia.org\/wp-content\/uploads\/2021\/04\/Imagen-4-300x168.png 300w\" sizes=\"(max-width: 547px) 100vw, 547px\" \/><\/figure>\n\n\n\n<figure class=\"wp-block-image size-large has-custom-border\"><img loading=\"lazy\" decoding=\"async\" width=\"620\" height=\"350\" data-id=\"563\" src=\"https:\/\/www.fedescolombia.org\/wp-content\/uploads\/2021\/04\/Imagen-5.png\" alt=\"\" class=\"wp-image-563\" style=\"border-radius:20px\" srcset=\"https:\/\/www.fedescolombia.org\/wp-content\/uploads\/2021\/04\/Imagen-5.png 620w, https:\/\/www.fedescolombia.org\/wp-content\/uploads\/2021\/04\/Imagen-5-300x169.png 300w\" sizes=\"(max-width: 620px) 100vw, 620px\" \/><\/figure>\n\n\n\n<figure class=\"wp-block-image size-large has-custom-border\"><img loading=\"lazy\" decoding=\"async\" width=\"597\" height=\"337\" data-id=\"564\" src=\"https:\/\/www.fedescolombia.org\/wp-content\/uploads\/2021\/04\/Imagen-6.png\" alt=\"\" class=\"wp-image-564\" style=\"border-radius:20px\" srcset=\"https:\/\/www.fedescolombia.org\/wp-content\/uploads\/2021\/04\/Imagen-6.png 597w, https:\/\/www.fedescolombia.org\/wp-content\/uploads\/2021\/04\/Imagen-6-300x169.png 300w\" sizes=\"(max-width: 597px) 100vw, 597px\" \/><\/figure>\n\n\n\n<figure class=\"wp-block-image size-large has-custom-border\"><img loading=\"lazy\" decoding=\"async\" width=\"587\" height=\"331\" data-id=\"565\" src=\"https:\/\/www.fedescolombia.org\/wp-content\/uploads\/2021\/04\/Imagen-7.png\" alt=\"\" class=\"wp-image-565\" style=\"border-radius:20px\" srcset=\"https:\/\/www.fedescolombia.org\/wp-content\/uploads\/2021\/04\/Imagen-7.png 587w, https:\/\/www.fedescolombia.org\/wp-content\/uploads\/2021\/04\/Imagen-7-300x169.png 300w\" sizes=\"(max-width: 587px) 100vw, 587px\" \/><\/figure>\n<\/figure>\n\n\n\n\n\n<figure class=\"wp-block-gallery has-nested-images columns-default is-cropped wp-block-gallery-6 is-layout-flex wp-block-gallery-is-layout-flex\">\n<figure class=\"wp-block-image size-large has-custom-border\"><img loading=\"lazy\" decoding=\"async\" width=\"420\" height=\"237\" data-id=\"557\" src=\"https:\/\/www.fedescolombia.org\/wp-content\/uploads\/2021\/04\/novenas1.png\" alt=\"\" class=\"wp-image-557\" style=\"border-radius:20px\" srcset=\"https:\/\/www.fedescolombia.org\/wp-content\/uploads\/2021\/04\/novenas1.png 420w, https:\/\/www.fedescolombia.org\/wp-content\/uploads\/2021\/04\/novenas1-300x169.png 300w\" sizes=\"(max-width: 420px) 100vw, 420px\" \/><\/figure>\n\n\n\n<figure class=\"wp-block-image size-large has-custom-border\"><img loading=\"lazy\" decoding=\"async\" width=\"445\" height=\"252\" data-id=\"558\" src=\"https:\/\/www.fedescolombia.org\/wp-content\/uploads\/2021\/04\/novenas2.png\" alt=\"\" class=\"wp-image-558\" style=\"border-radius:20px\" srcset=\"https:\/\/www.fedescolombia.org\/wp-content\/uploads\/2021\/04\/novenas2.png 445w, https:\/\/www.fedescolombia.org\/wp-content\/uploads\/2021\/04\/novenas2-300x170.png 300w\" sizes=\"(max-width: 445px) 100vw, 445px\" \/><\/figure>\n<\/figure>\n\n\n\n<figure class=\"wp-block-video\"><video controls src=\"https:\/\/www.fedescolombia.org\/wp-content\/uploads\/2021\/04\/novenas.mp4\"><\/video><\/figure>\n\n\n\n\n<ul>\n<li>VR Producciones. Proyecto Una Jugada al futuro, el cual incluye sub proyectos como el San Luis Futbol Club, la escuela de baile y la ludoteca. Barrio San Luis UPZ 89 Bogot\u00e1. Vincula a ni\u00f1os, ni\u00f1as, j\u00f3venes y padres y madres de familia.<\/li>\n<li>ESHAC. Corporaci\u00f3n Entidad Social de Humanidades, arte y cultura. Proyecto LIons Futbol Club y actividades formativas con ni\u00f1os, ni\u00f1as, j\u00f3venes y grupos familiares. Localidad de Suba. Bogot\u00e1.<\/li>\n<li>Emprendimientos en seguridad alimentaria y superaci\u00f3n de la pobreza (en elaboraci\u00f3n) Departamento del Meta.<\/li>\n<\/ul>\n<div style=\"width: 480px;\" class=\"wp-video\"><video class=\"wp-video-shortcode\" id=\"video-355-1\" width=\"480\" height=\"640\" preload=\"metadata\" controls=\"controls\"><source type=\"video\/mp4\" src=\"https:\/\/www.fedescolombia.org\/wp-content\/uploads\/2020\/06\/WhatsApp-Video-2020-06-25-at-11.21.38-AM.mp4?_=1\" \/><a href=\"https:\/\/www.fedescolombia.org\/wp-content\/uploads\/2020\/06\/WhatsApp-Video-2020-06-25-at-11.21.38-AM.mp4\">https:\/\/www.fedescolombia.org\/wp-content\/uploads\/2020\/06\/WhatsApp-Video-2020-06-25-at-11.21.38-AM.mp4<\/a><\/video><\/div>\n\n\n\n\n<figure class=\"wp-block-gallery aligncenter has-nested-images columns-default is-cropped wp-block-gallery-7 is-layout-flex wp-block-gallery-is-layout-flex\">\n<figure class=\"wp-block-image size-full has-custom-border\" style=\"margin-top:0;margin-right:0;margin-bottom:0;margin-left:0\"><img loading=\"lazy\" decoding=\"async\" width=\"818\" height=\"614\" data-id=\"3220\" src=\"https:\/\/www.fedescolombia.org\/wp-content\/uploads\/2026\/02\/Recurso-1diplomado.png\" alt=\"\" class=\"wp-image-3220\" style=\"border-radius:20px\" srcset=\"https:\/\/www.fedescolombia.org\/wp-content\/uploads\/2026\/02\/Recurso-1diplomado.png 818w, https:\/\/www.fedescolombia.org\/wp-content\/uploads\/2026\/02\/Recurso-1diplomado-300x225.png 300w, https:\/\/www.fedescolombia.org\/wp-content\/uploads\/2026\/02\/Recurso-1diplomado-768x576.png 768w\" sizes=\"(max-width: 818px) 100vw, 818px\" \/><\/figure>\n<\/figure>","protected":false},"excerpt":{"rendered":"<p>Proyectos Proyectos que transforman realidades a trav\u00e9s de la educaci\u00f3n y la acci\u00f3n comunitaria. VR Producciones. Proyecto Una Jugada al futuro, el cual incluye sub proyectos como el San Luis Futbol Club, la escuela de baile y la ludoteca. Barrio San Luis UPZ 89 Bogot\u00e1. Vincula a ni\u00f1os, ni\u00f1as, j\u00f3venes y padres y madres de [&hellip;]<\/p>\n","protected":false},"author":1,"featured_media":368,"parent":0,"menu_order":0,"comment_status":"closed","ping_status":"closed","template":"","meta":{"saved_in_kubio":true,"footnotes":""},"class_list":["post-355","page","type-page","status-publish","has-post-thumbnail","hentry"],"kubio_ai_page_context":{"short_desc":"","purpose":"general"},"rise-blocks_excerpt":"Proyectos Proyectos que transforman realidades a trav\u00e9s de la educaci\u00f3n y la acci\u00f3n comunitaria. VR Producciones. Proyecto Una Jugada al futuro, el cual incluye sub proyectos como el San Luis Futbol Club, la escuela de baile y la ludoteca. Barrio San Luis UPZ 89 Bogot\u00e1. Vincula a ni\u00f1os, ni\u00f1as, j\u00f3venes y padres y madres de familia. ESHAC. Corporaci\u00f3n Entidad Social..","_links":{"self":[{"href":"https:\/\/www.fedescolombia.org\/en\/wp-json\/wp\/v2\/pages\/355","targetHints":{"allow":["GET"]}}],"collection":[{"href":"https:\/\/www.fedescolombia.org\/en\/wp-json\/wp\/v2\/pages"}],"about":[{"href":"https:\/\/www.fedescolombia.org\/en\/wp-json\/wp\/v2\/types\/page"}],"author":[{"embeddable":true,"href":"https:\/\/www.fedescolombia.org\/en\/wp-json\/wp\/v2\/users\/1"}],"replies":[{"embeddable":true,"href":"https:\/\/www.fedescolombia.org\/en\/wp-json\/wp\/v2\/comments?post=355"}],"version-history":[{"count":59,"href":"https:\/\/www.fedescolombia.org\/en\/wp-json\/wp\/v2\/pages\/355\/revisions"}],"predecessor-version":[{"id":3268,"href":"https:\/\/www.fedescolombia.org\/en\/wp-json\/wp\/v2\/pages\/355\/revisions\/3268"}],"wp:featuredmedia":[{"embeddable":true,"href":"https:\/\/www.fedescolombia.org\/en\/wp-json\/wp\/v2\/media\/368"}],"wp:attachment":[{"href":"https:\/\/www.fedescolombia.org\/en\/wp-json\/wp\/v2\/media?parent=355"}],"curies":[{"name":"wp","href":"https:\/\/api.w.org\/{rel}","templated":true}]}}