{"id":350,"date":"2020-06-22T21:50:37","date_gmt":"2020-06-23T02:50:37","guid":{"rendered":"https:\/\/www.fedescolombia.org\/?page_id=350"},"modified":"2025-05-09T13:02:03","modified_gmt":"2025-05-09T18:02:03","slug":"documentos-institucionales","status":"publish","type":"page","link":"https:\/\/www.fedescolombia.org\/en\/documentos-institucionales\/","title":{"rendered":"Documentos institucionales"},"content":{"rendered":"<strong><\/strong>\n\n<strong>2025<\/strong>\n<ul>\n \t<li><a href=\"https:\/\/www.fedescolombia.org\/wp-content\/uploads\/2025\/05\/52451002582877-Formalizacion-Regimen-especial-2025.pdf\" target=\"_blank\" rel=\"noopener\">RUT<\/a><\/li>\n \t<li><a href=\"https:\/\/www.fedescolombia.org\/wp-content\/uploads\/2025\/05\/ACTA-95-FEDES.pdf\" target=\"_blank\" rel=\"noopener\">Acta de reuni\u00f3n junta administradora<\/a><\/li>\n \t<li><a href=\"https:\/\/www.fedescolombia.org\/wp-content\/uploads\/2025\/05\/Estados-financieros-2024-Def-con-Cert-1.pdf\" target=\"_blank\" rel=\"noopener\">Estados financieros<\/a><\/li>\n \t<li><a href=\"https:\/\/www.fedescolombia.org\/wp-content\/uploads\/2025\/05\/DICTAMEN-2024-FEDES.pdf\" target=\"_blank\" rel=\"noopener\">Dictamen estados financieros<\/a><\/li>\n \t<li><a href=\"https:\/\/www.fedescolombia.org\/wp-content\/uploads\/2025\/05\/Revelaciones-def-Estados-Financieros-2024-Fedes.pdf\" target=\"_blank\" rel=\"noopener\">Revelaciones A Los Estados Financieros<\/a><\/li>\n \t<li><a href=\"https:\/\/www.fedescolombia.org\/wp-content\/uploads\/2025\/05\/INFORME_GESTION__FEDES_2024_-REVI-MARZO-31.pdf\" target=\"_blank\" rel=\"noopener\">Informe de Gesti\u00f3n<\/a><\/li>\n<\/ul>\n<strong>202<\/strong>4\n\n<strong> <\/strong>\n<ul class=\"wp-block-list\">\n \t<li><a href=\"https:\/\/www.fedescolombia.org\/wp-content\/uploads\/2024\/05\/RUT-fedes-2024.pdf\" target=\"_blank\" rel=\"noreferrer noopener\" data-type=\"link\" data-id=\"https:\/\/www.fedescolombia.org\/wp-content\/uploads\/2024\/05\/RUT-fedes-2024.pdf\">RUT<\/a><\/li>\n \n \t<li><a href=\"https:\/\/www.fedescolombia.org\/wp-content\/uploads\/2024\/05\/acta-reunion-junta-administradora.pdf\" target=\"_blank\" rel=\"noreferrer noopener\" data-type=\"link\" data-id=\"https:\/\/www.fedescolombia.org\/wp-content\/uploads\/2024\/05\/acta-reunion-junta-administradora.pdf\">Acta reuni\u00f3n junta administradora<\/a><\/li>\n \n \t<li><a href=\"https:\/\/www.fedescolombia.org\/wp-content\/uploads\/2024\/05\/camara-de-comercio-2024.pdf\" target=\"_blank\" rel=\"noreferrer noopener\" data-type=\"link\" data-id=\"https:\/\/www.fedescolombia.org\/wp-content\/uploads\/2024\/05\/camara-de-comercio-2024.pdf\">C\u00e1mara de comercio<\/a><\/li>\n \n \t<li><a href=\"https:\/\/www.fedescolombia.org\/wp-content\/uploads\/2024\/05\/certificacion-estados-inancieros-2023.pdf\" target=\"_blank\" rel=\"noreferrer noopener\" data-type=\"link\" data-id=\"https:\/\/www.fedescolombia.org\/wp-content\/uploads\/2024\/05\/certificacion-estados-inancieros-2023.pdf\">Estados financieros<\/a><\/li>\n \n \t<li><a href=\"https:\/\/www.fedescolombia.org\/wp-content\/uploads\/2024\/05\/certificado-antecedentes-judiciales.pdf\" target=\"_blank\" rel=\"noreferrer noopener\" data-type=\"link\" data-id=\"https:\/\/www.fedescolombia.org\/wp-content\/uploads\/2024\/05\/certificado-antecedentes-judiciales.pdf\">Certificados antecedentes judiciales<\/a><\/li>\n \n \t<li><a href=\"https:\/\/www.fedescolombia.org\/wp-content\/uploads\/2024\/05\/certificado-de-cumplimiento.pdf\" target=\"_blank\" rel=\"noreferrer noopener\" data-type=\"link\" data-id=\"https:\/\/www.fedescolombia.org\/wp-content\/uploads\/2024\/05\/certificado-de-cumplimiento.pdf\">Certific<\/a><a href=\"https:\/\/www.fedescolombia.org\/wp-content\/uploads\/2024\/05\/certificado-de-cumplimiento.pdf\" data-type=\"link\" data-id=\"https:\/\/www.fedescolombia.org\/wp-content\/uploads\/2024\/05\/certificado-de-cumplimiento.pdf\">ado de cumplimiento<\/a><\/li>\n \n \t<li><a href=\"https:\/\/www.fedescolombia.org\/wp-content\/uploads\/2024\/05\/dictamen-estados-financieros-2023.pdf\" target=\"_blank\" rel=\"noreferrer noopener\" data-type=\"link\" data-id=\"https:\/\/www.fedescolombia.org\/wp-content\/uploads\/2024\/05\/dictamen-estados-financieros-2023.pdf\">Dictamen estados <\/a><a href=\"https:\/\/www.fedescolombia.org\/wp-content\/uploads\/2024\/05\/dictamen-estados-financieros-2023.pdf\" data-type=\"link\" data-id=\"https:\/\/www.fedescolombia.org\/wp-content\/uploads\/2024\/05\/dictamen-estados-financieros-2023.pdf\">financieros<\/a><\/li>\n \n \t<li><a href=\"https:\/\/www.fedescolombia.org\/wp-content\/uploads\/2024\/05\/informe-gestion_fedes-abril-2023.pdf\" target=\"_blank\" rel=\"noreferrer noopener\" data-type=\"link\" data-id=\"https:\/\/www.fedescolombia.org\/wp-content\/uploads\/2024\/05\/informe-gestion_fedes-abril-2023.pdf\">Informe de gesti\u00f3n<\/a><\/li>\n<\/ul>\n<strong>2023<\/strong>\n<ul>\n \t<li><a href=\"https:\/\/www.fedescolombia.org\/wp-content\/uploads\/2023\/03\/carta_no_remuneracion_directivos.pdf\" target=\"_blank\" rel=\"noopener noreferrer\">Carta no remuneraci\u00f3n directivos 2023<\/a><\/li>\n \t<li><a href=\"https:\/\/www.fedescolombia.org\/wp-content\/uploads\/2023\/03\/dictamen_2022-.pdf\" target=\"_blank\" rel=\"noopener noreferrer\">Dictamen estados financieros<\/a><\/li>\n \t<li><a href=\"https:\/\/www.fedescolombia.org\/wp-content\/uploads\/2023\/03\/estados_financieros_2022_Fedes_y_cert.pdf\" target=\"_blank\" rel=\"noopener noreferrer\">Estados financieros<\/a><\/li>\n \t<li><a href=\"https:\/\/www.fedescolombia.org\/wp-content\/uploads\/2023\/03\/informe_gestion_2022_fedes.pdf\" target=\"_blank\" rel=\"noopener noreferrer\">Informe de gesti\u00f3n<\/a><\/li>\n<\/ul>\n<strong>2022<\/strong>\n<ul>\n \t<li><a href=\"https:\/\/www.fedescolombia.org\/wp-content\/uploads\/2022\/03\/Cert__No_-remuneracion_-directivos.pdf\" target=\"_blank\" rel=\"noopener noreferrer\">Carta no remuneraci\u00f3n directivos 2022<\/a><\/li>\n \t<li><a href=\"https:\/\/www.fedescolombia.org\/wp-content\/uploads\/2022\/03\/dictamen_2021-2.pdf\" target=\"_blank\" rel=\"noopener noreferrer\">Dictamen estados financieros<\/a><\/li>\n \t<li><a href=\"https:\/\/www.fedescolombia.org\/wp-content\/uploads\/2022\/03\/estados_financieros_2021_def.pdf\" target=\"_blank\" rel=\"noopener noreferrer\">Estados financieros<\/a><\/li>\n \t<li><a href=\"https:\/\/www.fedescolombia.org\/wp-content\/uploads\/2022\/03\/informe_gestion_2021_fedes.pdf\" target=\"_blank\" rel=\"noopener noreferrer\">Informe de gesti\u00f3n<\/a><\/li>\n \t<li><a href=\"https:\/\/www.fedescolombia.org\/wp-content\/uploads\/2022\/03\/reunion_junta_administradora_acta_91_2022.pdf\">Acta reuni\u00f3n junta administradora<\/a><\/li>\n \t<li><a href=\"https:\/\/www.fedescolombia.org\/wp-content\/uploads\/2022\/03\/certificado_existencia_fedes.pdf\">Certificado de existencia y representaci\u00f3n legal<\/a><\/li>\n<\/ul>\n<strong>2021<\/strong>\n<ul>\n \t<li><a href=\"https:\/\/www.fedescolombia.org\/wp-content\/uploads\/2021\/04\/ACTA_DE_ASAMBLEA_90_2021.pdf\" target=\"_blank\" rel=\"noopener noreferrer\">Acta reuni\u00f3n junta administradora<\/a><\/li>\n \t<li><a href=\"https:\/\/www.fedescolombia.org\/wp-content\/uploads\/2021\/03\/Camara_de_Comercio_2021.pdf\" target=\"_blank\" rel=\"noopener noreferrer\">C\u00e1mara de Comercio<\/a><\/li>\n \t<li><a href=\"https:\/\/www.fedescolombia.org\/wp-content\/uploads\/2021\/03\/Estatutos_fedes_2017.pdf\" target=\"_blank\" rel=\"noopener noreferrer\">Estados financieros<\/a><\/li>\n \t<li><a href=\"https:\/\/www.fedescolombia.org\/wp-content\/uploads\/2021\/03\/Informe_de_Gestion_2020.pdf\" target=\"_blank\" rel=\"noopener noreferrer\">Informe de gesti\u00f3n<\/a><\/li>\n \t<li><a href=\"https:\/\/www.fedescolombia.org\/wp-content\/uploads\/2021\/03\/Estados_Financieros_2020_con_revelaciones.pdf\" target=\"_blank\" rel=\"noopener noreferrer\">Revelaciones estados financieros<\/a><\/li>\n<\/ul>\n<strong>2020<\/strong>\n<ul>\n \t<li><a href=\"https:\/\/www.fedescolombia.org\/wp-content\/uploads\/2020\/06\/acta89_reunion_junta_administradora_2020.pdf\" target=\"_blank\" rel=\"noopener noreferrer\">Acta reuni\u00f3n junta administradora<\/a><\/li>\n \t<li><a href=\"https:\/\/www.fedescolombia.org\/wp-content\/uploads\/2020\/06\/camara_de_comercio_2020.pdf\" target=\"_blank\" rel=\"noopener noreferrer\">C\u00e1mara de Comercio<\/a><\/li>\n \t<li><a href=\"https:\/\/www.fedescolombia.org\/wp-content\/uploads\/2020\/06\/Certificado_procu_ana_maria.pdf\" target=\"_blank\" rel=\"noopener noreferrer\">Certificado antecedente personal Ana Mar\u00eda Restrepo Mart\u00ednez<\/a><\/li>\n \t<li><a href=\"https:\/\/www.fedescolombia.org\/wp-content\/uploads\/2020\/06\/Certificado_procu_Ana_Matilde_Quintero.pdf\" target=\"_blank\" rel=\"noopener noreferrer\">Certificado antecedente personal Ana Matilde Quintero<\/a><\/li>\n \t<li><a href=\"https:\/\/www.fedescolombia.org\/wp-content\/uploads\/2020\/06\/Certificado_procu_LuzMary.pdf\" target=\"_blank\" rel=\"noopener noreferrer\">Certificado antecedente personal Luz Mary Hu\u00e9rfano<\/a><\/li>\n \t<li><a href=\"https:\/\/www.fedescolombia.org\/wp-content\/uploads\/2020\/06\/Certificado_procu_MariaLuisaRojas.pdf\" target=\"_blank\" rel=\"noopener noreferrer\">Certificado antecedente personal Mar\u00eda Luisa Rojas<\/a><\/li>\n \t<li><a href=\"https:\/\/www.fedescolombia.org\/wp-content\/uploads\/2020\/06\/Certificado_procu_Nohemy_Abadia.pdf\" target=\"_blank\" rel=\"noopener noreferrer\">Certificado antecedente personal Nohemy Abadia<\/a><\/li>\n \t<li><a href=\"https:\/\/www.fedescolombia.org\/wp-content\/uploads\/2020\/06\/Estados_financieros2020.pdf\" target=\"_blank\" rel=\"noopener noreferrer\">Estados financieros<\/a><\/li>\n \t<li><a href=\"https:\/\/www.fedescolombia.org\/wp-content\/uploads\/2020\/06\/Plan_de_trabajo_2020.pdf\" target=\"_blank\" rel=\"noopener noreferrer\">Plan de trabajo<\/a><\/li>\n \t<li><a href=\"https:\/\/www.fedescolombia.org\/wp-content\/uploads\/2020\/06\/Informe_de_gestion_2019.pdf\" target=\"_blank\" rel=\"noopener noreferrer\">Informe de gesti\u00f3n<\/a><\/li>\n \t<li><a href=\"https:\/\/www.fedescolombia.org\/wp-content\/uploads\/2020\/06\/RUT_Fedes_2020.pdf\" target=\"_blank\" rel=\"noopener noreferrer\">RUT<\/a><\/li>\n \t<li><a href=\"https:\/\/www.fedescolombia.org\/wp-content\/uploads\/2020\/06\/presupuesto-202040440-DR_Firma-Maria-Luisa.pdf\" target=\"_blank\" rel=\"noopener noreferrer\">Presupuesto<\/a><\/li>\n \t<li><a href=\"https:\/\/www.fedescolombia.org\/wp-content\/uploads\/2020\/06\/revelaciones_estados_financieros_2020.pdf\" target=\"_blank\" rel=\"noopener noreferrer\">Revelaciones estados financieros<\/a><\/li>\n \t<li><a href=\"https:\/\/www.fedescolombia.org\/wp-content\/uploads\/2020\/06\/dictamen_2020_26062020.pdf\" target=\"_blank\" rel=\"noopener noreferrer\">Dictamen estados financieros<\/a><\/li>\n<\/ul>\n<strong>2019<\/strong>\n<ul>\n \t<li><a href=\"https:\/\/www.fedescolombia.org\/wp-content\/uploads\/2020\/06\/acta_asamblea_general_2019.pdf\" target=\"_blank\" rel=\"noopener noreferrer\">Acta asamblea general<\/a><\/li>\n \t<li><a href=\"https:\/\/www.fedescolombia.org\/wp-content\/uploads\/2020\/06\/carta_no_remuneracion_directivos_2019.pdf\" target=\"_blank\" rel=\"noopener noreferrer\">Carta_no_remuneracion_directivos_2019<\/a><\/li>\n \t<li><a href=\"https:\/\/www.fedescolombia.org\/wp-content\/uploads\/2020\/06\/certificado_de_antecedentes_2019.pdf\" target=\"_blank\" rel=\"noopener noreferrer\">Certificado de antecedentes<\/a><\/li>\n \t<li><a href=\"https:\/\/www.fedescolombia.org\/wp-content\/uploads\/2020\/06\/certificado_de_cumplimiento_2019.pdf\" target=\"_blank\" rel=\"noopener noreferrer\">Certificado de cumplimiento<\/a><\/li>\n \t<li><a href=\"https:\/\/www.fedescolombia.org\/wp-content\/uploads\/2020\/06\/estatutos_FEDES_2017.pdf\" target=\"_blank\" rel=\"noopener noreferrer\">Estatutos actualizaci\u00f3n 2017<\/a><\/li>\n \t<li><a href=\"https:\/\/www.fedescolombia.org\/wp-content\/uploads\/2020\/06\/informe_gestion_2019.pdf\" target=\"_blank\" rel=\"noopener noreferrer\">Informe de Gesti\u00f3n<\/a><\/li>\n \t<li><a href=\"https:\/\/www.fedescolombia.org\/wp-content\/uploads\/2020\/06\/camara_de_comercio_2019.pdf\" target=\"_blank\" rel=\"noopener noreferrer\">C\u00e1mara de Comercio<\/a><\/li>\n \t<li><a href=\"https:\/\/www.fedescolombia.org\/wp-content\/uploads\/2020\/06\/dictamen_2019.pdf\" target=\"_blank\" rel=\"noopener noreferrer\">Dictamen estados financieros<\/a><\/li>\n \t<li><a href=\"https:\/\/www.fedescolombia.org\/wp-content\/uploads\/2020\/06\/estados_financieros_con_revelaciones.pdf\" target=\"_blank\" rel=\"noopener noreferrer\">Estados Financieros<\/a><\/li>\n \t<li><a href=\"https:\/\/www.fedescolombia.org\/wp-content\/uploads\/2020\/06\/Acta_reunion_junta_administradora_2019-1.pdf\" target=\"_blank\" rel=\"noopener noreferrer\">Acta_reuni\u00f3n_junta_administradora_2019-1<\/a><\/li>\n \t<li><a href=\"https:\/\/www.fedescolombia.org\/wp-content\/uploads\/2020\/06\/revelaciones_estados_financieros_2019.pdf\" target=\"_blank\" rel=\"noopener noreferrer\">Revelaciones estados financieros<\/a><\/li>\n<\/ul>\n<strong>2018<\/strong>\n<ul>\n \t<li><a href=\"https:\/\/www.fedescolombia.org\/wp-content\/uploads\/2020\/06\/acta-de-constitucion.pdf\" target=\"_blank\" rel=\"noopener noreferrer\">Acta de creaci\u00f3n<\/a><\/li>\n \t<li><a href=\"https:\/\/www.fedescolombia.org\/wp-content\/uploads\/2020\/06\/acta_asamblea_general_2018.pdf\" target=\"_blank\" rel=\"noopener noreferrer\">Acta asamblea general<\/a><\/li>\n \t<li><a href=\"https:\/\/www.fedescolombia.org\/wp-content\/uploads\/2020\/06\/certificado_de_permanencia.pdf\" target=\"_blank\" rel=\"noopener noreferrer\">Certificado de existencia y representaci\u00f3n legal<\/a><\/li>\n \t<li><a href=\"https:\/\/www.fedescolombia.org\/wp-content\/uploads\/2020\/06\/certificado-de-antecedentes.pdf\" target=\"_blank\" rel=\"noopener noreferrer\">Certificado de antecedentes<\/a><\/li>\n \t<li><a href=\"https:\/\/www.fedescolombia.org\/wp-content\/uploads\/2020\/06\/RUT_Fedes.pdf\" target=\"_blank\" rel=\"noopener noreferrer\">Rut<\/a><\/li>\n \t<li><a href=\"https:\/\/www.fedescolombia.org\/wp-content\/uploads\/2020\/06\/informe-de-gestion.pdf\" target=\"_blank\" rel=\"noopener noreferrer\">Informe de Gesti\u00f3n<\/a><\/li>\n \t<li><a href=\"https:\/\/www.fedescolombia.org\/wp-content\/uploads\/2020\/06\/camara_de_comercio_2018.pdf\" target=\"_blank\" rel=\"noopener noreferrer\">C\u00e1mara de Comercio<\/a><\/li>\n \t<li><a href=\"https:\/\/www.fedescolombia.org\/wp-content\/uploads\/2020\/06\/estados_financieros2018.pdf\" target=\"_blank\" rel=\"noopener noreferrer\">Estados financieros<\/a><\/li>\n \t<li><a href=\"https:\/\/www.fedescolombia.org\/wp-content\/uploads\/2020\/06\/formatos_ESAL_FEDES_2018.pdf\" target=\"_blank\" rel=\"noopener noreferrer\">Formatos ESAL<\/a><\/li>\n<\/ul>\n<strong>2017<\/strong>\n<ul>\n \t<li><a href=\"https:\/\/www.fedescolombia.org\/wp-content\/uploads\/2020\/06\/formatos_ESAL_FEDES.pdf\" target=\"_blank\" rel=\"noopener noreferrer\">Formatos ESAL<\/a><\/li>\n \t<li><a href=\"https:\/\/www.fedescolombia.org\/wp-content\/uploads\/2020\/06\/estatutos_FEDES_2017.pdf\" target=\"_blank\" rel=\"noopener noreferrer\">Estatutos<\/a><\/li>\n \t<li><a href=\"https:\/\/www.fedescolombia.org\/wp-content\/uploads\/2020\/06\/estados_financieros_2017.pdf\" target=\"_blank\" rel=\"noopener noreferrer\">Estados financieros<\/a><\/li>\n \t<li><a href=\"https:\/\/www.fedescolombia.org\/wp-content\/uploads\/2020\/06\/estatutos_FEDES_2017.pdf\" target=\"_blank\" rel=\"noopener noreferrer\">Estatutos actualizaci\u00f3n 2017<\/a><\/li>\n<\/ul>","protected":false},"excerpt":{"rendered":"<p>2025 RUT Acta de reuni\u00f3n junta administradora Estados financieros Dictamen estados financieros Revelaciones A Los Estados Financieros Informe de Gesti\u00f3n 2024 2023 Carta no remuneraci\u00f3n directivos 2023 Dictamen estados financieros Estados financieros Informe de gesti\u00f3n 2022 Carta no remuneraci\u00f3n directivos 2022 Dictamen estados financieros Estados financieros Informe de gesti\u00f3n Acta reuni\u00f3n junta administradora Certificado de [&hellip;]<\/p>\n","protected":false},"author":1,"featured_media":502,"parent":0,"menu_order":0,"comment_status":"closed","ping_status":"closed","template":"","meta":{"saved_in_kubio":false,"footnotes":""},"class_list":["post-350","page","type-page","status-publish","has-post-thumbnail","hentry"],"kubio_ai_page_context":{"short_desc":"","purpose":"general"},"rise-blocks_excerpt":"2025 RUT Acta de reuni\u00f3n junta administradora Estados financieros Dictamen estados financieros Revelaciones A Los Estados Financieros Informe de Gesti\u00f3n 2024 2023 Carta no remuneraci\u00f3n directivos 2023 Dictamen estados financieros Estados financieros Informe de gesti\u00f3n 2022 Carta no remuneraci\u00f3n directivos 2022 Dictamen estados financieros Estados financieros Informe de gesti\u00f3n Acta reuni\u00f3n junta administradora Certificado de existencia y representaci\u00f3n legal 2021..","_links":{"self":[{"href":"https:\/\/www.fedescolombia.org\/en\/wp-json\/wp\/v2\/pages\/350","targetHints":{"allow":["GET"]}}],"collection":[{"href":"https:\/\/www.fedescolombia.org\/en\/wp-json\/wp\/v2\/pages"}],"about":[{"href":"https:\/\/www.fedescolombia.org\/en\/wp-json\/wp\/v2\/types\/page"}],"author":[{"embeddable":true,"href":"https:\/\/www.fedescolombia.org\/en\/wp-json\/wp\/v2\/users\/1"}],"replies":[{"embeddable":true,"href":"https:\/\/www.fedescolombia.org\/en\/wp-json\/wp\/v2\/comments?post=350"}],"version-history":[{"count":39,"href":"https:\/\/www.fedescolombia.org\/en\/wp-json\/wp\/v2\/pages\/350\/revisions"}],"predecessor-version":[{"id":658,"href":"https:\/\/www.fedescolombia.org\/en\/wp-json\/wp\/v2\/pages\/350\/revisions\/658"}],"wp:featuredmedia":[{"embeddable":true,"href":"https:\/\/www.fedescolombia.org\/en\/wp-json\/wp\/v2\/media\/502"}],"wp:attachment":[{"href":"https:\/\/www.fedescolombia.org\/en\/wp-json\/wp\/v2\/media?parent=350"}],"curies":[{"name":"wp","href":"https:\/\/api.w.org\/{rel}","templated":true}]}}