{"id":112,"date":"2016-09-06T05:58:11","date_gmt":"2016-09-06T05:58:11","guid":{"rendered":"http:\/\/demo.evisionthemes.com\/charitize\/?page_id=112"},"modified":"2024-03-21T18:09:27","modified_gmt":"2024-03-21T23:09:27","slug":"contact","status":"publish","type":"page","link":"https:\/\/www.fedescolombia.org\/en\/contact\/","title":{"rendered":"Cont\u00e1ctenos"},"content":{"rendered":"<strong>e-mail.<\/strong> <a href=\"mailto:comunicaciones@fedescolombia.org\">comunicaciones@fedescolombia.org<\/a>\n\n<strong>Direcci\u00f3n general y t\u00e9cnica:<\/strong> Calle 112 No 14b-50 apto 302 Bogot\u00e1- Colombia\n\n<strong>Cel.:<\/strong> 3115923425 &#8211; 3108148191","protected":false},"excerpt":{"rendered":"<p>e-mail. comunicaciones@fedescolombia.org Direcci\u00f3n general y t\u00e9cnica: Calle 112 No 14b-50 apto 302 Bogot\u00e1- Colombia Cel.: 3115923425 &#8211; 3108148191<\/p>","protected":false},"author":2,"featured_media":0,"parent":0,"menu_order":0,"comment_status":"closed","ping_status":"closed","template":"","meta":{"saved_in_kubio":false,"footnotes":""},"class_list":["post-112","page","type-page","status-publish","hentry"],"kubio_ai_page_context":{"short_desc":"","purpose":"general"},"rise-blocks_excerpt":"e-mail. comunicaciones@fedescolombia.org Direcci\u00f3n general y t\u00e9cnica: Calle 112 No 14b-50 apto 302 Bogot\u00e1- Colombia Cel.: 3115923425 &#8211; 3108148191","_links":{"self":[{"href":"https:\/\/www.fedescolombia.org\/en\/wp-json\/wp\/v2\/pages\/112","targetHints":{"allow":["GET"]}}],"collection":[{"href":"https:\/\/www.fedescolombia.org\/en\/wp-json\/wp\/v2\/pages"}],"about":[{"href":"https:\/\/www.fedescolombia.org\/en\/wp-json\/wp\/v2\/types\/page"}],"author":[{"embeddable":true,"href":"https:\/\/www.fedescolombia.org\/en\/wp-json\/wp\/v2\/users\/2"}],"replies":[{"embeddable":true,"href":"https:\/\/www.fedescolombia.org\/en\/wp-json\/wp\/v2\/comments?post=112"}],"version-history":[{"count":2,"href":"https:\/\/www.fedescolombia.org\/en\/wp-json\/wp\/v2\/pages\/112\/revisions"}],"predecessor-version":[{"id":624,"href":"https:\/\/www.fedescolombia.org\/en\/wp-json\/wp\/v2\/pages\/112\/revisions\/624"}],"wp:attachment":[{"href":"https:\/\/www.fedescolombia.org\/en\/wp-json\/wp\/v2\/media?parent=112"}],"curies":[{"name":"wp","href":"https:\/\/api.w.org\/{rel}","templated":true}]}}